{"id":308,"date":"2015-06-16T11:25:59","date_gmt":"2015-06-16T09:25:59","guid":{"rendered":"https:\/\/www.pottery-art-cafe.de\/en\/kontakt\/"},"modified":"2023-01-17T16:59:55","modified_gmt":"2023-01-17T15:59:55","slug":"contact","status":"publish","type":"page","link":"https:\/\/www.pottery-art-cafe.de\/en\/contact\/","title":{"rendered":"Contact"},"content":{"rendered":"<div class=\"wpb-content-wrapper\"><p>[vc_row][vc_column width=&#8221;1\/3&#8243;][vc_column_text]<img loading=\"lazy\" decoding=\"async\" class=\"alignnone size-full wp-image-73\" src=\"https:\/\/www.pottery-art-cafe.de\/wp-content\/uploads\/2015\/06\/koeln_mitte.jpg\" alt=\"koeln_mitte\" width=\"290\" height=\"96\" \/><\/p>\n<p><strong>pottery art caf\u00e9 (Mitte)<\/strong><br \/>\nArndtstrasse 2<br \/>\n50676 K\u00f6ln<\/p>\n<p>Telefon: <a href=\"tel:+492212717569\">+49 (0)221-2717569<\/a><br \/>\nE-Mail: <a href=\"mailto:info@pottery-art-cafe.de\">info@pottery-art-cafe.de<\/a><\/p>\n<p>Anfahrt: Linie 9 Richtung Universit\u00e4t.<br \/>\nHaltestelle Mauritiussteinweg. <a href=\"https:\/\/www.google.de\/maps?f=q&amp;source=s_q&amp;hl=de&amp;geocode&amp;q=In+der+Arndtstrasse+2+50676+K%C3%B6ln+%28pottery+art+caf%C3%A9%29&amp;sll=50.933267,6.943724&amp;sspn=0.009209,0.01929&amp;ie=UTF8&amp;hq&amp;hnear=Arndtstra%C3%9Fe+2,+K%C3%B6ln+50676+K%C3%B6ln,+Nordrhein-Westfalen&amp;ll=50.933213,6.94366&amp;spn=0.009209,0.01929&amp;z=16&amp;iwloc=A\" target=\"_blank\" rel=\"noopener noreferrer\">Karte<\/a><\/p>\n<p>[\/vc_column_text][\/vc_column][vc_column width=&#8221;1\/3&#8243;][vc_column_text]<img loading=\"lazy\" decoding=\"async\" class=\"alignnone size-full wp-image-75\" src=\"https:\/\/www.pottery-art-cafe.de\/wp-content\/uploads\/2015\/06\/Koeln_suelz.jpg\" alt=\"Koeln_suelz\" width=\"290\" height=\"96\" \/><\/p>\n<p><strong>pottery art caf\u00e9 (S\u00fclz)<\/strong><br \/>\nLuxemburger Stra\u00dfe 271<br \/>\n50939 K\u00f6ln<\/p>\n<p>Telefon: <a href=\"tel:+4922129888554\">+49 (0)221-29888554<\/a><br \/>\nE-Mail: <a href=\"mailto:info_suelz@pottery-art-cafe.de\">info_suelz@pottery-art-cafe.de<\/a><\/p>\n<p>Anfahrt: Linie 18 Richtung H\u00fcrth.<br \/>\nHaltestelle S\u00fclzburgstra\u00dfe. <a href=\"https:\/\/www.google.de\/maps?q=Luxemburger+Stra%C3%9Fe+271+50939+K%C3%B6ln&amp;hl=de&amp;ie=UTF8&amp;ll=50.915048,6.927137&amp;spn=0.011337,0.026393&amp;sll=50.915062,6.92718&amp;sspn=0.011337,0.026393&amp;hnear=Luxemburger+Stra%C3%9Fe+271,+50939+K%C3%B6ln,+Nordrhein-Westfalen&amp;t=m&amp;z=16\" target=\"_blank\" rel=\"noopener noreferrer\">Karte<\/a><\/p>\n<p>[\/vc_column_text][\/vc_column][vc_column width=&#8221;1\/3&#8243;][vc_column_text]<strong>\u00d6ffnungszeiten:<\/strong><\/p>\n<p>Montag und Dienstag geschlossen<\/p>\n<p>Mittwoch 15-18<br \/>\nDonnerstag 15-18 Uhr<br \/>\nFreitag 15-18 Uhr<\/p>\n<p>Samstag 12 bis 18 Uhr<\/p>\n<p>Sonntag 12-18 Uhr<\/p>\n<p>____________________<\/p>\n<p>Eine Reservierung &#8211; gerade am Wochenende &#8211; ist sehr empfehlenswert!<\/p>\n<p>____________________<\/p>\n<p>Weil wir montags und dienstags geschlossen haben, werden alle Ihre E-Mails erst am Mittwoch beantwortet. Daf\u00fcr schreiben Sie uns gerne am Wochenende an.[\/vc_column_text][\/vc_column][\/vc_row]<\/p>\n<\/div>","protected":false},"excerpt":{"rendered":"<p>[vc_row][vc_column width=&#8221;1\/3&#8243;][vc_column_text] pottery art caf\u00e9 (Mitte) Arndtstrasse 2 50676 K\u00f6ln Telefon: +49 (0)221-2717569 E-Mail: info@pottery-art-cafe.de Anfahrt: Linie 9 Richtung Universit\u00e4t. Haltestelle Mauritiussteinweg. Karte [\/vc_column_text][\/vc_column][vc_column width=&#8221;1\/3&#8243;][vc_column_text] pottery art caf\u00e9 (S\u00fclz) Luxemburger Stra\u00dfe 271 50939 K\u00f6ln Telefon: +49 (0)221-29888554 E-Mail: info_suelz@pottery-art-cafe.de Anfahrt: Linie 18 Richtung H\u00fcrth. Haltestelle S\u00fclzburgstra\u00dfe. Karte [\/vc_column_text][\/vc_column][vc_column width=&#8221;1\/3&#8243;][vc_column_text]\u00d6ffnungszeiten: Montag und Dienstag geschlossen Mittwoch 15-18&hellip;<\/p>\n","protected":false},"author":1,"featured_media":0,"parent":0,"menu_order":82,"comment_status":"closed","ping_status":"closed","template":"","meta":{"footnotes":""},"class_list":["post-308","page","type-page","status-publish","hentry","description-off"],"yoast_head":"<!-- This site is optimized with the Yoast SEO plugin v27.3 - https:\/\/yoast.com\/product\/yoast-seo-wordpress\/ -->\n<title>Contact - pottery art caf\u00e9 - Keramik selbst bemalen in K\u00f6ln<\/title>\n<meta name=\"robots\" content=\"index, follow, max-snippet:-1, max-image-preview:large, max-video-preview:-1\" \/>\n<link rel=\"canonical\" href=\"https:\/\/www.pottery-art-cafe.de\/en\/contact\/\" \/>\n<meta property=\"og:locale\" content=\"en_US\" \/>\n<meta property=\"og:type\" content=\"article\" \/>\n<meta property=\"og:title\" content=\"Contact - pottery art caf\u00e9 - Keramik selbst bemalen in K\u00f6ln\" \/>\n<meta property=\"og:description\" content=\"[vc_row][vc_column width=&#8221;1\/3&#8243;][vc_column_text] pottery art caf\u00e9 (Mitte) Arndtstrasse 2 50676 K\u00f6ln Telefon: +49 (0)221-2717569 E-Mail: info@pottery-art-cafe.de Anfahrt: Linie 9 Richtung Universit\u00e4t. Haltestelle Mauritiussteinweg. Karte [\/vc_column_text][\/vc_column][vc_column width=&#8221;1\/3&#8243;][vc_column_text] pottery art caf\u00e9 (S\u00fclz) Luxemburger Stra\u00dfe 271 50939 K\u00f6ln Telefon: +49 (0)221-29888554 E-Mail: info_suelz@pottery-art-cafe.de Anfahrt: Linie 18 Richtung H\u00fcrth. Haltestelle S\u00fclzburgstra\u00dfe. Karte [\/vc_column_text][\/vc_column][vc_column width=&#8221;1\/3&#8243;][vc_column_text]\u00d6ffnungszeiten: Montag und Dienstag geschlossen Mittwoch 15-18&hellip;\" \/>\n<meta property=\"og:url\" content=\"https:\/\/www.pottery-art-cafe.de\/en\/contact\/\" \/>\n<meta property=\"og:site_name\" content=\"pottery art caf\u00e9 - Keramik selbst bemalen in K\u00f6ln\" \/>\n<meta property=\"article:modified_time\" content=\"2023-01-17T15:59:55+00:00\" \/>\n<meta property=\"og:image\" content=\"https:\/\/www.pottery-art-cafe.de\/wp-content\/uploads\/2015\/06\/koeln_mitte.jpg\" \/>\n<meta name=\"twitter:card\" content=\"summary_large_image\" \/>\n<meta name=\"twitter:label1\" content=\"Est. reading time\" \/>\n\t<meta name=\"twitter:data1\" content=\"1 minute\" \/>\n<script type=\"application\/ld+json\" class=\"yoast-schema-graph\">{\"@context\":\"https:\\\/\\\/schema.org\",\"@graph\":[{\"@type\":\"WebPage\",\"@id\":\"https:\\\/\\\/www.pottery-art-cafe.de\\\/en\\\/contact\\\/\",\"url\":\"https:\\\/\\\/www.pottery-art-cafe.de\\\/en\\\/contact\\\/\",\"name\":\"Contact - pottery art caf\u00e9 - Keramik selbst bemalen in K\u00f6ln\",\"isPartOf\":{\"@id\":\"https:\\\/\\\/www.pottery-art-cafe.de\\\/#website\"},\"primaryImageOfPage\":{\"@id\":\"https:\\\/\\\/www.pottery-art-cafe.de\\\/en\\\/contact\\\/#primaryimage\"},\"image\":{\"@id\":\"https:\\\/\\\/www.pottery-art-cafe.de\\\/en\\\/contact\\\/#primaryimage\"},\"thumbnailUrl\":\"https:\\\/\\\/www.pottery-art-cafe.de\\\/wp-content\\\/uploads\\\/2015\\\/06\\\/koeln_mitte.jpg\",\"datePublished\":\"2015-06-16T09:25:59+00:00\",\"dateModified\":\"2023-01-17T15:59:55+00:00\",\"breadcrumb\":{\"@id\":\"https:\\\/\\\/www.pottery-art-cafe.de\\\/en\\\/contact\\\/#breadcrumb\"},\"inLanguage\":\"en-US\",\"potentialAction\":[{\"@type\":\"ReadAction\",\"target\":[\"https:\\\/\\\/www.pottery-art-cafe.de\\\/en\\\/contact\\\/\"]}]},{\"@type\":\"ImageObject\",\"inLanguage\":\"en-US\",\"@id\":\"https:\\\/\\\/www.pottery-art-cafe.de\\\/en\\\/contact\\\/#primaryimage\",\"url\":\"https:\\\/\\\/www.pottery-art-cafe.de\\\/wp-content\\\/uploads\\\/2015\\\/06\\\/koeln_mitte.jpg\",\"contentUrl\":\"https:\\\/\\\/www.pottery-art-cafe.de\\\/wp-content\\\/uploads\\\/2015\\\/06\\\/koeln_mitte.jpg\"},{\"@type\":\"BreadcrumbList\",\"@id\":\"https:\\\/\\\/www.pottery-art-cafe.de\\\/en\\\/contact\\\/#breadcrumb\",\"itemListElement\":[{\"@type\":\"ListItem\",\"position\":1,\"name\":\"Startseite\",\"item\":\"https:\\\/\\\/www.pottery-art-cafe.de\\\/en\\\/\"},{\"@type\":\"ListItem\",\"position\":2,\"name\":\"Contact\"}]},{\"@type\":\"WebSite\",\"@id\":\"https:\\\/\\\/www.pottery-art-cafe.de\\\/#website\",\"url\":\"https:\\\/\\\/www.pottery-art-cafe.de\\\/\",\"name\":\"pottery art caf\u00e9 - Keramik selbst bemalen in K\u00f6ln\",\"description\":\"\",\"potentialAction\":[{\"@type\":\"SearchAction\",\"target\":{\"@type\":\"EntryPoint\",\"urlTemplate\":\"https:\\\/\\\/www.pottery-art-cafe.de\\\/?s={search_term_string}\"},\"query-input\":{\"@type\":\"PropertyValueSpecification\",\"valueRequired\":true,\"valueName\":\"search_term_string\"}}],\"inLanguage\":\"en-US\"}]}<\/script>\n<!-- \/ Yoast SEO plugin. -->","yoast_head_json":{"title":"Contact - pottery art caf\u00e9 - Keramik selbst bemalen in K\u00f6ln","robots":{"index":"index","follow":"follow","max-snippet":"max-snippet:-1","max-image-preview":"max-image-preview:large","max-video-preview":"max-video-preview:-1"},"canonical":"https:\/\/www.pottery-art-cafe.de\/en\/contact\/","og_locale":"en_US","og_type":"article","og_title":"Contact - pottery art caf\u00e9 - Keramik selbst bemalen in K\u00f6ln","og_description":"[vc_row][vc_column width=&#8221;1\/3&#8243;][vc_column_text] pottery art caf\u00e9 (Mitte) Arndtstrasse 2 50676 K\u00f6ln Telefon: +49 (0)221-2717569 E-Mail: info@pottery-art-cafe.de Anfahrt: Linie 9 Richtung Universit\u00e4t. Haltestelle Mauritiussteinweg. Karte [\/vc_column_text][\/vc_column][vc_column width=&#8221;1\/3&#8243;][vc_column_text] pottery art caf\u00e9 (S\u00fclz) Luxemburger Stra\u00dfe 271 50939 K\u00f6ln Telefon: +49 (0)221-29888554 E-Mail: info_suelz@pottery-art-cafe.de Anfahrt: Linie 18 Richtung H\u00fcrth. Haltestelle S\u00fclzburgstra\u00dfe. Karte [\/vc_column_text][\/vc_column][vc_column width=&#8221;1\/3&#8243;][vc_column_text]\u00d6ffnungszeiten: Montag und Dienstag geschlossen Mittwoch 15-18&hellip;","og_url":"https:\/\/www.pottery-art-cafe.de\/en\/contact\/","og_site_name":"pottery art caf\u00e9 - Keramik selbst bemalen in K\u00f6ln","article_modified_time":"2023-01-17T15:59:55+00:00","og_image":[{"url":"https:\/\/www.pottery-art-cafe.de\/wp-content\/uploads\/2015\/06\/koeln_mitte.jpg","type":"","width":"","height":""}],"twitter_card":"summary_large_image","twitter_misc":{"Est. reading time":"1 minute"},"schema":{"@context":"https:\/\/schema.org","@graph":[{"@type":"WebPage","@id":"https:\/\/www.pottery-art-cafe.de\/en\/contact\/","url":"https:\/\/www.pottery-art-cafe.de\/en\/contact\/","name":"Contact - pottery art caf\u00e9 - Keramik selbst bemalen in K\u00f6ln","isPartOf":{"@id":"https:\/\/www.pottery-art-cafe.de\/#website"},"primaryImageOfPage":{"@id":"https:\/\/www.pottery-art-cafe.de\/en\/contact\/#primaryimage"},"image":{"@id":"https:\/\/www.pottery-art-cafe.de\/en\/contact\/#primaryimage"},"thumbnailUrl":"https:\/\/www.pottery-art-cafe.de\/wp-content\/uploads\/2015\/06\/koeln_mitte.jpg","datePublished":"2015-06-16T09:25:59+00:00","dateModified":"2023-01-17T15:59:55+00:00","breadcrumb":{"@id":"https:\/\/www.pottery-art-cafe.de\/en\/contact\/#breadcrumb"},"inLanguage":"en-US","potentialAction":[{"@type":"ReadAction","target":["https:\/\/www.pottery-art-cafe.de\/en\/contact\/"]}]},{"@type":"ImageObject","inLanguage":"en-US","@id":"https:\/\/www.pottery-art-cafe.de\/en\/contact\/#primaryimage","url":"https:\/\/www.pottery-art-cafe.de\/wp-content\/uploads\/2015\/06\/koeln_mitte.jpg","contentUrl":"https:\/\/www.pottery-art-cafe.de\/wp-content\/uploads\/2015\/06\/koeln_mitte.jpg"},{"@type":"BreadcrumbList","@id":"https:\/\/www.pottery-art-cafe.de\/en\/contact\/#breadcrumb","itemListElement":[{"@type":"ListItem","position":1,"name":"Startseite","item":"https:\/\/www.pottery-art-cafe.de\/en\/"},{"@type":"ListItem","position":2,"name":"Contact"}]},{"@type":"WebSite","@id":"https:\/\/www.pottery-art-cafe.de\/#website","url":"https:\/\/www.pottery-art-cafe.de\/","name":"pottery art caf\u00e9 - Keramik selbst bemalen in K\u00f6ln","description":"","potentialAction":[{"@type":"SearchAction","target":{"@type":"EntryPoint","urlTemplate":"https:\/\/www.pottery-art-cafe.de\/?s={search_term_string}"},"query-input":{"@type":"PropertyValueSpecification","valueRequired":true,"valueName":"search_term_string"}}],"inLanguage":"en-US"}]}},"_links":{"self":[{"href":"https:\/\/www.pottery-art-cafe.de\/en\/wp-json\/wp\/v2\/pages\/308","targetHints":{"allow":["GET"]}}],"collection":[{"href":"https:\/\/www.pottery-art-cafe.de\/en\/wp-json\/wp\/v2\/pages"}],"about":[{"href":"https:\/\/www.pottery-art-cafe.de\/en\/wp-json\/wp\/v2\/types\/page"}],"author":[{"embeddable":true,"href":"https:\/\/www.pottery-art-cafe.de\/en\/wp-json\/wp\/v2\/users\/1"}],"replies":[{"embeddable":true,"href":"https:\/\/www.pottery-art-cafe.de\/en\/wp-json\/wp\/v2\/comments?post=308"}],"version-history":[{"count":10,"href":"https:\/\/www.pottery-art-cafe.de\/en\/wp-json\/wp\/v2\/pages\/308\/revisions"}],"predecessor-version":[{"id":2435,"href":"https:\/\/www.pottery-art-cafe.de\/en\/wp-json\/wp\/v2\/pages\/308\/revisions\/2435"}],"wp:attachment":[{"href":"https:\/\/www.pottery-art-cafe.de\/en\/wp-json\/wp\/v2\/media?parent=308"}],"curies":[{"name":"wp","href":"https:\/\/api.w.org\/{rel}","templated":true}]}}