{"id":327,"date":"2015-06-16T11:23:10","date_gmt":"2015-06-16T09:23:10","guid":{"rendered":"https:\/\/www.pottery-art-cafe.de\/en\/home\/"},"modified":"2016-01-12T11:20:15","modified_gmt":"2016-01-12T10:20:15","slug":"home","status":"publish","type":"page","link":"https:\/\/www.pottery-art-cafe.de\/en\/","title":{"rendered":"Home"},"content":{"rendered":"<div class=\"wpb-content-wrapper\"><p>[vc_row][vc_column width=&#8221;1\/2&#8243;][vc_column_text]<\/p>\n<p><img loading=\"lazy\" decoding=\"async\" class=\"alignnone size-full wp-image-41\" src=\"https:\/\/www.pottery-art-cafe.de\/wp-content\/uploads\/2015\/06\/kollage.neu_.2014_2.png\" alt=\"kollage.neu.2014_2\" width=\"455\" height=\"387\" srcset=\"https:\/\/www.pottery-art-cafe.de\/wp-content\/uploads\/2015\/06\/kollage.neu_.2014_2.png 455w, https:\/\/www.pottery-art-cafe.de\/wp-content\/uploads\/2015\/06\/kollage.neu_.2014_2-300x255.png 300w\" sizes=\"auto, (max-width: 455px) 100vw, 455px\" \/><\/p>\n<p>[\/vc_column_text][\/vc_column][vc_column width=&#8221;1\/2&#8243;][vc_column_text]<span class=\"big-type\">S<\/span>ie machen es in London. Sie tun es in New York, Tokyo und Amsterdam. Die Welt in Farbe tauchen, in freundlicher Atmosph\u00e4re, bei Kaffee oder Tee, Kuchen und entspannter Musik. Das pottery art caf\u00e9 ist kreative Keramikwerkstatt und stilvolles Caf\u00e9 in einem. Jetzt zwei Mal in K\u00f6ln &#8211; in K\u00f6ln-Mitte und in K\u00f6ln-S\u00fclz.<br \/>\n<a href=\"https:\/\/www.pottery-art-cafe.de\/so-gehts\/\">\u00bb Mehr<\/a><\/p>\n<p><img loading=\"lazy\" decoding=\"async\" class=\" size-full wp-image-44 alignright\" src=\"https:\/\/www.pottery-art-cafe.de\/wp-content\/uploads\/2015\/06\/dein_leben-dein_stil.png\" alt=\"dein_leben-dein_stil\" width=\"246\" height=\"33\" \/>[\/vc_column_text]<div class=\"gap\" style=\"line-height: 18px; height: 18px;\"><\/div>[vc_column_text]<span class=\"big-type\">T<\/span>hey do it in London, Tokyo, New York and Amsterdam: add some more color to the world while having coffee, tea and cake and listening to good music in a cosy atmosphere. Pottery art caf\u00e9 is a creative ceramic workshop and stylish coffee shop in one. Absolutely unique in Cologne. In K\u00f6ln-Mitte und K\u00f6ln-S\u00fclz.<br \/>\n<a href=\"https:\/\/www.pottery-art-cafe.de\/en\/how-it-works\/\">\u00bb More<\/a><\/p>\n<p><img loading=\"lazy\" decoding=\"async\" class=\" size-full wp-image-43 alignright\" src=\"https:\/\/www.pottery-art-cafe.de\/wp-content\/uploads\/2015\/06\/your_life-your_style.png\" alt=\"your_life-your_style\" width=\"246\" height=\"33\" \/>[\/vc_column_text][\/vc_column][\/vc_row]<\/p>\n<\/div>","protected":false},"excerpt":{"rendered":"<p>[vc_row][vc_column width=&#8221;1\/2&#8243;][vc_column_text] [\/vc_column_text][\/vc_column][vc_column width=&#8221;1\/2&#8243;][vc_column_text]Sie machen es in London. Sie tun es in New York, Tokyo und Amsterdam. Die Welt in Farbe tauchen, in freundlicher Atmosph\u00e4re, bei Kaffee oder Tee, Kuchen und entspannter Musik. Das pottery art caf\u00e9 ist kreative Keramikwerkstatt und stilvolles Caf\u00e9 in einem. Jetzt zwei Mal in K\u00f6ln &#8211; in K\u00f6ln-Mitte und in&hellip;<\/p>\n","protected":false},"author":1,"featured_media":0,"parent":0,"menu_order":12,"comment_status":"closed","ping_status":"closed","template":"","meta":{"footnotes":""},"class_list":["post-327","page","type-page","status-publish","hentry","description-off"],"yoast_head":"<!-- This site is optimized with the Yoast SEO plugin v27.3 - https:\/\/yoast.com\/product\/yoast-seo-wordpress\/ -->\n<title>Home - pottery art caf\u00e9 - Keramik selbst bemalen in K\u00f6ln<\/title>\n<meta name=\"robots\" content=\"index, follow, max-snippet:-1, max-image-preview:large, max-video-preview:-1\" \/>\n<link rel=\"canonical\" href=\"https:\/\/www.pottery-art-cafe.de\/en\/\" \/>\n<meta property=\"og:locale\" content=\"en_US\" \/>\n<meta property=\"og:type\" content=\"article\" \/>\n<meta property=\"og:title\" content=\"Home - pottery art caf\u00e9 - Keramik selbst bemalen in K\u00f6ln\" \/>\n<meta property=\"og:description\" content=\"[vc_row][vc_column width=&#8221;1\/2&#8243;][vc_column_text] [\/vc_column_text][\/vc_column][vc_column width=&#8221;1\/2&#8243;][vc_column_text]Sie machen es in London. Sie tun es in New York, Tokyo und Amsterdam. Die Welt in Farbe tauchen, in freundlicher Atmosph\u00e4re, bei Kaffee oder Tee, Kuchen und entspannter Musik. Das pottery art caf\u00e9 ist kreative Keramikwerkstatt und stilvolles Caf\u00e9 in einem. Jetzt zwei Mal in K\u00f6ln &#8211; in K\u00f6ln-Mitte und in&hellip;\" \/>\n<meta property=\"og:url\" content=\"https:\/\/www.pottery-art-cafe.de\/en\/\" \/>\n<meta property=\"og:site_name\" content=\"pottery art caf\u00e9 - Keramik selbst bemalen in K\u00f6ln\" \/>\n<meta property=\"article:modified_time\" content=\"2016-01-12T10:20:15+00:00\" \/>\n<meta property=\"og:image\" content=\"https:\/\/www.pottery-art-cafe.de\/wp-content\/uploads\/2015\/06\/kollage.neu_.2014_2.png\" \/>\n<meta name=\"twitter:card\" content=\"summary_large_image\" \/>\n<meta name=\"twitter:label1\" content=\"Est. reading time\" \/>\n\t<meta name=\"twitter:data1\" content=\"1 minute\" \/>\n<script type=\"application\/ld+json\" class=\"yoast-schema-graph\">{\"@context\":\"https:\\\/\\\/schema.org\",\"@graph\":[{\"@type\":\"WebPage\",\"@id\":\"https:\\\/\\\/www.pottery-art-cafe.de\\\/en\\\/\",\"url\":\"https:\\\/\\\/www.pottery-art-cafe.de\\\/en\\\/\",\"name\":\"Home - pottery art caf\u00e9 - Keramik selbst bemalen in K\u00f6ln\",\"isPartOf\":{\"@id\":\"https:\\\/\\\/www.pottery-art-cafe.de\\\/#website\"},\"primaryImageOfPage\":{\"@id\":\"https:\\\/\\\/www.pottery-art-cafe.de\\\/en\\\/#primaryimage\"},\"image\":{\"@id\":\"https:\\\/\\\/www.pottery-art-cafe.de\\\/en\\\/#primaryimage\"},\"thumbnailUrl\":\"https:\\\/\\\/www.pottery-art-cafe.de\\\/wp-content\\\/uploads\\\/2015\\\/06\\\/kollage.neu_.2014_2.png\",\"datePublished\":\"2015-06-16T09:23:10+00:00\",\"dateModified\":\"2016-01-12T10:20:15+00:00\",\"breadcrumb\":{\"@id\":\"https:\\\/\\\/www.pottery-art-cafe.de\\\/en\\\/#breadcrumb\"},\"inLanguage\":\"en-US\",\"potentialAction\":[{\"@type\":\"ReadAction\",\"target\":[\"https:\\\/\\\/www.pottery-art-cafe.de\\\/en\\\/\"]}]},{\"@type\":\"ImageObject\",\"inLanguage\":\"en-US\",\"@id\":\"https:\\\/\\\/www.pottery-art-cafe.de\\\/en\\\/#primaryimage\",\"url\":\"https:\\\/\\\/www.pottery-art-cafe.de\\\/wp-content\\\/uploads\\\/2015\\\/06\\\/kollage.neu_.2014_2.png\",\"contentUrl\":\"https:\\\/\\\/www.pottery-art-cafe.de\\\/wp-content\\\/uploads\\\/2015\\\/06\\\/kollage.neu_.2014_2.png\"},{\"@type\":\"BreadcrumbList\",\"@id\":\"https:\\\/\\\/www.pottery-art-cafe.de\\\/en\\\/#breadcrumb\",\"itemListElement\":[{\"@type\":\"ListItem\",\"position\":1,\"name\":\"Startseite\",\"item\":\"https:\\\/\\\/www.pottery-art-cafe.de\\\/en\\\/\"},{\"@type\":\"ListItem\",\"position\":2,\"name\":\"Home\"}]},{\"@type\":\"WebSite\",\"@id\":\"https:\\\/\\\/www.pottery-art-cafe.de\\\/#website\",\"url\":\"https:\\\/\\\/www.pottery-art-cafe.de\\\/\",\"name\":\"pottery art caf\u00e9 - Keramik selbst bemalen in K\u00f6ln\",\"description\":\"\",\"potentialAction\":[{\"@type\":\"SearchAction\",\"target\":{\"@type\":\"EntryPoint\",\"urlTemplate\":\"https:\\\/\\\/www.pottery-art-cafe.de\\\/?s={search_term_string}\"},\"query-input\":{\"@type\":\"PropertyValueSpecification\",\"valueRequired\":true,\"valueName\":\"search_term_string\"}}],\"inLanguage\":\"en-US\"}]}<\/script>\n<!-- \/ Yoast SEO plugin. -->","yoast_head_json":{"title":"Home - pottery art caf\u00e9 - Keramik selbst bemalen in K\u00f6ln","robots":{"index":"index","follow":"follow","max-snippet":"max-snippet:-1","max-image-preview":"max-image-preview:large","max-video-preview":"max-video-preview:-1"},"canonical":"https:\/\/www.pottery-art-cafe.de\/en\/","og_locale":"en_US","og_type":"article","og_title":"Home - pottery art caf\u00e9 - Keramik selbst bemalen in K\u00f6ln","og_description":"[vc_row][vc_column width=&#8221;1\/2&#8243;][vc_column_text] [\/vc_column_text][\/vc_column][vc_column width=&#8221;1\/2&#8243;][vc_column_text]Sie machen es in London. Sie tun es in New York, Tokyo und Amsterdam. Die Welt in Farbe tauchen, in freundlicher Atmosph\u00e4re, bei Kaffee oder Tee, Kuchen und entspannter Musik. Das pottery art caf\u00e9 ist kreative Keramikwerkstatt und stilvolles Caf\u00e9 in einem. Jetzt zwei Mal in K\u00f6ln &#8211; in K\u00f6ln-Mitte und in&hellip;","og_url":"https:\/\/www.pottery-art-cafe.de\/en\/","og_site_name":"pottery art caf\u00e9 - Keramik selbst bemalen in K\u00f6ln","article_modified_time":"2016-01-12T10:20:15+00:00","og_image":[{"url":"https:\/\/www.pottery-art-cafe.de\/wp-content\/uploads\/2015\/06\/kollage.neu_.2014_2.png","type":"","width":"","height":""}],"twitter_card":"summary_large_image","twitter_misc":{"Est. reading time":"1 minute"},"schema":{"@context":"https:\/\/schema.org","@graph":[{"@type":"WebPage","@id":"https:\/\/www.pottery-art-cafe.de\/en\/","url":"https:\/\/www.pottery-art-cafe.de\/en\/","name":"Home - pottery art caf\u00e9 - Keramik selbst bemalen in K\u00f6ln","isPartOf":{"@id":"https:\/\/www.pottery-art-cafe.de\/#website"},"primaryImageOfPage":{"@id":"https:\/\/www.pottery-art-cafe.de\/en\/#primaryimage"},"image":{"@id":"https:\/\/www.pottery-art-cafe.de\/en\/#primaryimage"},"thumbnailUrl":"https:\/\/www.pottery-art-cafe.de\/wp-content\/uploads\/2015\/06\/kollage.neu_.2014_2.png","datePublished":"2015-06-16T09:23:10+00:00","dateModified":"2016-01-12T10:20:15+00:00","breadcrumb":{"@id":"https:\/\/www.pottery-art-cafe.de\/en\/#breadcrumb"},"inLanguage":"en-US","potentialAction":[{"@type":"ReadAction","target":["https:\/\/www.pottery-art-cafe.de\/en\/"]}]},{"@type":"ImageObject","inLanguage":"en-US","@id":"https:\/\/www.pottery-art-cafe.de\/en\/#primaryimage","url":"https:\/\/www.pottery-art-cafe.de\/wp-content\/uploads\/2015\/06\/kollage.neu_.2014_2.png","contentUrl":"https:\/\/www.pottery-art-cafe.de\/wp-content\/uploads\/2015\/06\/kollage.neu_.2014_2.png"},{"@type":"BreadcrumbList","@id":"https:\/\/www.pottery-art-cafe.de\/en\/#breadcrumb","itemListElement":[{"@type":"ListItem","position":1,"name":"Startseite","item":"https:\/\/www.pottery-art-cafe.de\/en\/"},{"@type":"ListItem","position":2,"name":"Home"}]},{"@type":"WebSite","@id":"https:\/\/www.pottery-art-cafe.de\/#website","url":"https:\/\/www.pottery-art-cafe.de\/","name":"pottery art caf\u00e9 - Keramik selbst bemalen in K\u00f6ln","description":"","potentialAction":[{"@type":"SearchAction","target":{"@type":"EntryPoint","urlTemplate":"https:\/\/www.pottery-art-cafe.de\/?s={search_term_string}"},"query-input":{"@type":"PropertyValueSpecification","valueRequired":true,"valueName":"search_term_string"}}],"inLanguage":"en-US"}]}},"_links":{"self":[{"href":"https:\/\/www.pottery-art-cafe.de\/en\/wp-json\/wp\/v2\/pages\/327","targetHints":{"allow":["GET"]}}],"collection":[{"href":"https:\/\/www.pottery-art-cafe.de\/en\/wp-json\/wp\/v2\/pages"}],"about":[{"href":"https:\/\/www.pottery-art-cafe.de\/en\/wp-json\/wp\/v2\/types\/page"}],"author":[{"embeddable":true,"href":"https:\/\/www.pottery-art-cafe.de\/en\/wp-json\/wp\/v2\/users\/1"}],"replies":[{"embeddable":true,"href":"https:\/\/www.pottery-art-cafe.de\/en\/wp-json\/wp\/v2\/comments?post=327"}],"version-history":[{"count":2,"href":"https:\/\/www.pottery-art-cafe.de\/en\/wp-json\/wp\/v2\/pages\/327\/revisions"}],"predecessor-version":[{"id":335,"href":"https:\/\/www.pottery-art-cafe.de\/en\/wp-json\/wp\/v2\/pages\/327\/revisions\/335"}],"wp:attachment":[{"href":"https:\/\/www.pottery-art-cafe.de\/en\/wp-json\/wp\/v2\/media?parent=327"}],"curies":[{"name":"wp","href":"https:\/\/api.w.org\/{rel}","templated":true}]}}